{"id":6635,"date":"2019-05-10T14:40:15","date_gmt":"2019-05-10T14:40:15","guid":{"rendered":"http:\/\/impreza.us-themes.com\/?page_id=6635"},"modified":"2025-03-13T18:21:15","modified_gmt":"2025-03-13T18:21:15","slug":"home","status":"publish","type":"page","link":"https:\/\/explorando.cl\/asiltec\/","title":{"rendered":"Home"},"content":{"rendered":"<section class=\"l-section wpb_row height_auto width_full\"><div class=\"l-section-h i-cf\"><div class=\"g-cols vc_row via_flex valign_top type_default stacking_default\"><div class=\"vc_col-sm-12 wpb_column vc_column_container\"><div class=\"vc_column-inner\"><div class=\"wpb_wrapper\"><div class=\"w-slider style_none fit_cover nav_dots count_3\"><div class=\"w-slider-h\"><div class=\"royalSlider\"><div class=\"rsContent\"><a class=\"rsImg\" data-rsw=\"1920\" data-rsh=\"600\" data-rsBigImg=\"https:\/\/explorando.cl\/asiltec\/wp-content\/uploads\/2025\/03\/4.png\" href=\"https:\/\/explorando.cl\/asiltec\/wp-content\/uploads\/2025\/03\/4.png\"><span data-alt=\"\"><\/span><\/a><\/div><div class=\"rsContent\"><a class=\"rsImg\" data-rsw=\"1920\" data-rsh=\"600\" data-rsBigImg=\"https:\/\/explorando.cl\/asiltec\/wp-content\/uploads\/2025\/03\/1.png\" href=\"https:\/\/explorando.cl\/asiltec\/wp-content\/uploads\/2025\/03\/1.png\"><span data-alt=\"\"><\/span><\/a><\/div><div class=\"rsContent\"><a class=\"rsImg\" data-rsw=\"1920\" data-rsh=\"600\" data-rsBigImg=\"https:\/\/explorando.cl\/asiltec\/wp-content\/uploads\/2025\/03\/2.png\" href=\"https:\/\/explorando.cl\/asiltec\/wp-content\/uploads\/2025\/03\/2.png\"><span data-alt=\"\"><\/span><\/a><\/div><\/div><img decoding=\"async\" src=\"https:\/\/explorando.cl\/asiltec\/wp-content\/uploads\/2025\/03\/4.png\" width=\"1920\" height=\"600\" alt loading=\"lazy\"><\/div><div class=\"w-slider-json\" onclick='return {&quot;autoScaleSlider&quot;:true,&quot;addActiveClass&quot;:true,&quot;loop&quot;:true,&quot;fadeInLoadedSlide&quot;:false,&quot;slidesSpacing&quot;:0,&quot;imageScalePadding&quot;:0,&quot;numImagesToPreload&quot;:2,&quot;arrowsNav&quot;:true,&quot;arrowsNavAutoHide&quot;:false,&quot;transitionType&quot;:&quot;move&quot;,&quot;transitionSpeed&quot;:250,&quot;block&quot;:{&quot;moveEffect&quot;:&quot;none&quot;,&quot;speed&quot;:300},&quot;thumbs&quot;:{&quot;fitInViewport&quot;:false,&quot;firstMargin&quot;:false,&quot;spacing&quot;:4},&quot;controlNavigation&quot;:&quot;bullets&quot;,&quot;autoplay&quot;:{&quot;enabled&quot;:true,&quot;pauseOnHover&quot;:true,&quot;delay&quot;:3000},&quot;fullscreen&quot;:{&quot;enabled&quot;:true},&quot;autoScaleSliderWidth&quot;:1920,&quot;autoScaleSliderHeight&quot;:600}'><\/div><\/div><\/div><\/div><\/div><\/div><\/div><\/section><section class=\"l-section wpb_row height_custom\"><div class=\"l-section-h i-cf\"><div class=\"g-cols vc_row via_flex valign_top type_default stacking_default\"><div class=\"vc_col-sm-12 wpb_column vc_column_container\"><div class=\"vc_column-inner\"><div class=\"wpb_wrapper\">[vc_custom_heading text=\u00bb\u00bfQu\u00e9 hacemos en Asiltec?\u00bb font_container=\u00bbtag:h2|text_align:center\u00bb use_theme_fonts=\u00bbyes\u00bb font_size=\u00bb2rem\u00bb font_weight=\u00bbbold\u00bb alignment=\u00bbcenter\u00bb css=\u00bb%7B%22default%22%3A%7B%22animation-name%22%3A%22afb%22%7D%7D\u00bb]<div class=\"wpb_text_column us_custom_8c71efed us_animate_this\"><div class=\"wpb_wrapper\"><p style=\"text-align: center;\">Asiltec: Fabricaci\u00f3n de tableros el\u00e9ctricos y estructuras met\u00e1licas.<\/p>\n<p style=\"text-align: center;\">Asiltec dise\u00f1a, fabrica y ofrece soluciones integrales en:<\/p>\n<p style=\"text-align: center;\">Tableros el\u00e9ctricos<\/p>\n<p style=\"text-align: center;\">Estructuras met\u00e1licas<\/p>\n<p style=\"text-align: center;\">Pintura electrost\u00e1tica<\/p>\n<p style=\"text-align: center;\">Servicios de cableado y conexi\u00f3n de tableros el\u00e9ctricos<\/p>\n<\/div><\/div><div class=\"w-separator size_small\"><\/div><div id=\"ultimate-heading-957269dba221db338\" class=\"uvc-heading ult-adjust-bottom-margin ultimate-heading-957269dba221db338 uvc-7154 \" data-hspacer=\"line_only\"  data-halign=\"center\" style=\"text-align:center\"><div class=\"uvc-heading-spacer line_only\" style=\"topheight:1px;\"><span class=\"uvc-headings-line\" style=\"border-style:solid;border-bottom-width:1px;border-color:#ccc;width:autopx;\"><\/span><\/div><div class=\"uvc-main-heading ult-responsive\"  data-ultimate-target='.uvc-heading.ultimate-heading-957269dba221db338 h4'  data-responsive-json-new='{\"font-size\":\"\",\"line-height\":\"\"}' ><h4 style=\"font-weight:normal;\">Nuestra experiencia y especializaci\u00f3n en la industria el\u00e9ctrica y metal\u00fargica nos permite satisfacer las necesidades de proyectos inmobiliarios, empresariales e industriales, garantizando calidad, seguridad y eficiencia.<\/h4><\/div><\/div><\/div><\/div><\/div><\/div><\/div><\/section><section class=\"l-section wpb_row height_custom\"><div class=\"l-section-h i-cf\"><div class=\"g-cols vc_row via_flex valign_top type_default stacking_default\"><div class=\"vc_col-sm-12 wpb_column vc_column_container\"><div class=\"vc_column-inner\"><div class=\"wpb_wrapper\"><div class=\"wpb_text_column\"><div class=\"wpb_wrapper\"><\/div><\/div><\/div><\/div><\/div><\/div><\/div><\/section><!-- Row Backgrounds --><div class=\"upb_bg_img\" data-ultimate-bg=\"url(https:\/\/explorando.cl\/asiltec\/wp-content\/uploads\/2025\/02\/4.jpg)\" data-image-id=\"id^8770|url^https:\/\/explorando.cl\/asiltec\/wp-content\/uploads\/2025\/02\/4.jpg|caption^null|alt^null|title^4|description^null\" data-ultimate-bg-style=\"vcpb-vz-jquery\" data-bg-img-repeat=\"repeat\" data-bg-img-size=\"cover\" data-bg-img-position=\"\" data-parallx_sense=\"30\" data-bg-override=\"0\" data-bg_img_attach=\"scroll\" data-upb-overlay-color=\"\" data-upb-bg-animation=\"\" data-fadeout=\"\" data-bg-animation=\"left-animation\" data-bg-animation-type=\"h\" data-animation-repeat=\"repeat\" data-fadeout-percentage=\"30\" data-parallax-content=\"\" data-parallax-content-sense=\"30\" data-row-effect-mobile-disable=\"true\" data-img-parallax-mobile-disable=\"true\" data-rtl=\"false\"  data-custom-vc-row=\"\"  data-vc=\"7.4\"  data-is_old_vc=\"\"  data-theme-support=\"\"   data-overlay=\"false\" data-overlay-color=\"\" data-overlay-pattern=\"\" data-overlay-pattern-opacity=\"\" data-overlay-pattern-size=\"\"    ><\/div><section class=\"l-section wpb_row height_custom\"><div class=\"l-section-h i-cf\"><div class=\"g-cols vc_row via_flex valign_top type_default stacking_default\"><div class=\"vc_col-sm-12 wpb_column vc_column_container\"><div class=\"vc_column-inner\"><div class=\"wpb_wrapper\">[vc_custom_heading text=\u00bbNuestra Historia\u00bb use_theme_fonts=\u00bbyes\u00bb font_size=\u00bb2rem\u00bb font_weight=\u00bbbold\u00bb alignment=\u00bbcenter\u00bb]<div class=\"wpb_text_column\"><div class=\"wpb_wrapper\"><p>En 1998, Leonidas Silva Jerez fund\u00f3 Asiltec con el objetivo de proporcionar tableros el\u00e9ctricos correctamente cableados y fabricados seg\u00fan las normas vigentes. Desde sus inicios, la empresa se enfoc\u00f3 en ofrecer productos de alta calidad y servicio eficiente.<\/p>\n<\/div><\/div><div class=\"w-separator size_small\"><\/div>[vc_custom_heading text=\u00bbExpansi\u00f3n e Innovaci\u00f3n\u00bb font_container=\u00bbtag:h3|text_align:center\u00bb use_theme_fonts=\u00bbyes\u00bb font_size=\u00bb2rem\u00bb font_weight=\u00bbbold\u00bb alignment=\u00bbcenter\u00bb]<div class=\"g-cols wpb_row via_flex valign_top type_default stacking_default\"><div class=\"vc_col-sm-4 wpb_column vc_column_container\"><div class=\"vc_column-inner\"><div class=\"wpb_wrapper\"><div class=\"aio-icon-component    style_1\"><div id=\"Info-box-wrap-6406\" class=\"aio-icon-box top-icon\" style=\"\"  ><div class=\"aio-icon-top\"><div class=\"ult-just-icon-wrapper  \"><div class=\"align-icon\" style=\"text-align:center;\">\n<div class=\"aio-icon none \"  style=\"color:#333;font-size:32px;display:inline-block;\">\n\t<i class=\"Defaults-info-circle\"><\/i>\n<\/div><\/div><\/div><\/div><div class=\"aio-icon-header\" ><h3 class=\"aio-icon-title ult-responsive\"  data-ultimate-target='#Info-box-wrap-6406 .aio-icon-title'  data-responsive-json-new='{\"font-size\":\"\",\"line-height\":\"\"}'  style=\"\">2005<\/h3><\/div> <!-- header --><div class=\"aio-icon-description ult-responsive\"  data-ultimate-target='#Info-box-wrap-6406 .aio-icon-description'  data-responsive-json-new='{\"font-size\":\"\",\"line-height\":\"\"}'  style=\"\">\n<p style=\"text-align: center;\"><span>Se agreg\u00f3 el \u00e1rea de fabricaci\u00f3n de tableros.<\/span><\/p>\n<\/div> <!-- description --><\/div> <!-- aio-icon-box --><\/div> <!-- aio-icon-component --><\/div><\/div><\/div><div class=\"vc_col-sm-4 wpb_column vc_column_container\"><div class=\"vc_column-inner\"><div class=\"wpb_wrapper\"><div class=\"aio-icon-component    style_1\"><div id=\"Info-box-wrap-1879\" class=\"aio-icon-box top-icon\" style=\"\"  ><div class=\"aio-icon-top\"><div class=\"ult-just-icon-wrapper  \"><div class=\"align-icon\" style=\"text-align:center;\">\n<div class=\"aio-icon none \"  style=\"color:#333;font-size:32px;display:inline-block;\">\n\t<i class=\"Defaults-info-circle\"><\/i>\n<\/div><\/div><\/div><\/div><div class=\"aio-icon-header\" ><h3 class=\"aio-icon-title ult-responsive\"  data-ultimate-target='#Info-box-wrap-1879 .aio-icon-title'  data-responsive-json-new='{\"font-size\":\"\",\"line-height\":\"\"}'  style=\"\">2015<\/h3><\/div> <!-- header --><div class=\"aio-icon-description ult-responsive\"  data-ultimate-target='#Info-box-wrap-1879 .aio-icon-description'  data-responsive-json-new='{\"font-size\":\"\",\"line-height\":\"\"}'  style=\"\">\n<p style=\"text-align: center;\">Se expande la empresa con la adquisici\u00f3n de otro inmueble, permitiendo realizar nuevos servicios.<\/p>\n<\/div> <!-- description --><\/div> <!-- aio-icon-box --><\/div> <!-- aio-icon-component --><\/div><\/div><\/div><div class=\"vc_col-sm-4 wpb_column vc_column_container\"><div class=\"vc_column-inner\"><div class=\"wpb_wrapper\"><div class=\"aio-icon-component    style_1\"><div id=\"Info-box-wrap-4262\" class=\"aio-icon-box top-icon\" style=\"\"  ><div class=\"aio-icon-top\"><div class=\"ult-just-icon-wrapper  \"><div class=\"align-icon\" style=\"text-align:center;\">\n<div class=\"aio-icon none \"  style=\"color:#333;font-size:32px;display:inline-block;\">\n\t<i class=\"Defaults-info-circle\"><\/i>\n<\/div><\/div><\/div><\/div><div class=\"aio-icon-header\" ><h3 class=\"aio-icon-title ult-responsive\"  data-ultimate-target='#Info-box-wrap-4262 .aio-icon-title'  data-responsive-json-new='{\"font-size\":\"\",\"line-height\":\"\"}'  style=\"\">2016<\/h3><\/div> <!-- header --><div class=\"aio-icon-description ult-responsive\"  data-ultimate-target='#Info-box-wrap-4262 .aio-icon-description'  data-responsive-json-new='{\"font-size\":\"\",\"line-height\":\"\"}'  style=\"\">\n<p style=\"text-align: center;\"><span>Incorporaci\u00f3n del servicio de pintura electrost\u00e1tica.<\/span><\/p>\n<\/div> <!-- description --><\/div> <!-- aio-icon-box --><\/div> <!-- aio-icon-component --><\/div><\/div><\/div><\/div><div class=\"w-separator size_small\"><\/div>[vc_custom_heading text=\u00bbNuestro Sello\u00bb font_container=\u00bbtag:h3|text_align:center\u00bb use_theme_fonts=\u00bbyes\u00bb font_size=\u00bb2rem\u00bb font_weight=\u00bbbold\u00bb alignment=\u00bbcenter\u00bb]<div class=\"g-cols wpb_row via_flex valign_top type_default stacking_default\"><div class=\"vc_col-sm-4 wpb_column vc_column_container\"><div class=\"vc_column-inner\"><div class=\"wpb_wrapper\"><\/div><\/div><\/div><div class=\"vc_col-sm-4 wpb_column vc_column_container\"><div class=\"vc_column-inner\"><div class=\"wpb_wrapper\"><div class=\"aio-icon-component    style_1\"><div id=\"Info-box-wrap-7807\" class=\"aio-icon-box top-icon\" style=\"\"  ><div class=\"aio-icon-top\"><div class=\"ult-just-icon-wrapper  \"><div class=\"align-icon\" style=\"text-align:center;\">\n<div class=\"aio-icon none \" data-animation=\"fadeIn\" data-animation-delay=\"03\" style=\"color:#333;font-size:32px;display:inline-block;\">\n\t<i class=\"Defaults-thumbs-o-up\"><\/i>\n<\/div><\/div><\/div><\/div><div class=\"aio-icon-header\" ><h3 class=\"aio-icon-title ult-responsive\"  data-ultimate-target='#Info-box-wrap-7807 .aio-icon-title'  data-responsive-json-new='{\"font-size\":\"\",\"line-height\":\"\"}'  style=\"\">Reconocimiento y Logro<\/h3><\/div> <!-- header --><div class=\"aio-icon-description ult-responsive\"  data-ultimate-target='#Info-box-wrap-7807 .aio-icon-description'  data-responsive-json-new='{\"font-size\":\"\",\"line-height\":\"\"}'  style=\"\">\n<p style=\"text-align: center;\"><span>Asiltec ha trabajado con empresas destacadas y constructoras l\u00edderes, demostrando su compromiso con la calidad y el cumplimiento de normas.<\/span><\/p>\n<\/div> <!-- description --><\/div> <!-- aio-icon-box --><\/div> <!-- aio-icon-component --><div class=\"w-separator size_small\"><\/div><div class=\"aio-icon-component    style_1\"><div id=\"Info-box-wrap-5110\" class=\"aio-icon-box top-icon\" style=\"\"  ><div class=\"aio-icon-top\"><div class=\"ult-just-icon-wrapper  \"><div class=\"align-icon\" style=\"text-align:center;\">\n<div class=\"aio-icon none \" data-animation=\"fadeIn\" data-animation-delay=\"03\" style=\"color:#333;font-size:32px;display:inline-block;\">\n\t<i class=\"Defaults-flag\"><\/i>\n<\/div><\/div><\/div><\/div><div class=\"aio-icon-header\" ><h3 class=\"aio-icon-title ult-responsive\"  data-ultimate-target='#Info-box-wrap-5110 .aio-icon-title'  data-responsive-json-new='{\"font-size\":\"\",\"line-height\":\"\"}'  style=\"\">Evoluci\u00f3n y Crecimiento<\/h3><\/div> <!-- header --><div class=\"aio-icon-description ult-responsive\"  data-ultimate-target='#Info-box-wrap-5110 .aio-icon-description'  data-responsive-json-new='{\"font-size\":\"\",\"line-height\":\"\"}'  style=\"\">\n<p style=\"text-align: left;\"><span>Inicialmente, Asiltec contaba con un solo \u00e1rea de producci\u00f3n. Actualmente, ha incorporado:<\/span><\/p>\n<ul>\n<li style=\"text-align: left;\"><span>Producci\u00f3n de tableros el\u00e9ctricos.<\/span><\/li>\n<li style=\"text-align: left;\"><span>Fabricaci\u00f3n de estructuras met\u00e1licas.<\/span><\/li>\n<li style=\"text-align: left;\"><span>Pintura electrost\u00e1tica.<\/span><\/li>\n<li style=\"text-align: left;\"><span>Certificaci\u00f3n de trabajos.<\/span><\/li>\n<li style=\"text-align: left;\"><span>Servicios para empresas del rubro y negocios similares<\/span><\/li>\n<\/ul>\n<\/div> <!-- description --><\/div> <!-- aio-icon-box --><\/div> <!-- aio-icon-component --><\/div><\/div><\/div><div class=\"vc_col-sm-4 wpb_column vc_column_container\"><div class=\"vc_column-inner\"><div class=\"wpb_wrapper\"><\/div><\/div><\/div><\/div><\/div><\/div><\/div><\/div><\/div><\/section><section class=\"l-section wpb_row height_custom\"><div class=\"l-section-h i-cf\"><div class=\"g-cols vc_row via_flex valign_top type_default stacking_default\"><div class=\"vc_col-sm-12 wpb_column vc_column_container\"><div class=\"vc_column-inner\"><div class=\"wpb_wrapper\"><div class=\"wpb_text_column\"><div class=\"wpb_wrapper\"><\/div><\/div><\/div><\/div><\/div><\/div><\/div><\/section><!-- Row Backgrounds --><div class=\"upb_bg_img\" data-ultimate-bg=\"url(https:\/\/explorando.cl\/asiltec\/wp-content\/uploads\/2025\/02\/5.jpg)\" data-image-id=\"id^8771|url^https:\/\/explorando.cl\/asiltec\/wp-content\/uploads\/2025\/02\/5.jpg|caption^null|alt^null|title^5|description^null\" data-ultimate-bg-style=\"vcpb-vz-jquery\" data-bg-img-repeat=\"repeat\" data-bg-img-size=\"cover\" data-bg-img-position=\"\" data-parallx_sense=\"30\" data-bg-override=\"0\" data-bg_img_attach=\"scroll\" data-upb-overlay-color=\"\" data-upb-bg-animation=\"\" data-fadeout=\"\" data-bg-animation=\"left-animation\" data-bg-animation-type=\"h\" data-animation-repeat=\"repeat\" data-fadeout-percentage=\"30\" data-parallax-content=\"\" data-parallax-content-sense=\"30\" data-row-effect-mobile-disable=\"true\" data-img-parallax-mobile-disable=\"true\" data-rtl=\"false\"  data-custom-vc-row=\"\"  data-vc=\"7.4\"  data-is_old_vc=\"\"  data-theme-support=\"\"   data-overlay=\"false\" data-overlay-color=\"\" data-overlay-pattern=\"\" data-overlay-pattern-opacity=\"\" data-overlay-pattern-size=\"\"    ><\/div><section class=\"l-section wpb_row height_custom\"><div class=\"l-section-h i-cf\"><div class=\"g-cols vc_row via_flex valign_top type_default stacking_default\"><div class=\"vc_col-sm-12 wpb_column vc_column_container\"><div class=\"vc_column-inner\"><div class=\"wpb_wrapper\">[vc_custom_heading text=\u00bbMisi\u00f3n y Visi\u00f3n\u00bb use_theme_fonts=\u00bbyes\u00bb font_size=\u00bb2rem\u00bb font_weight=\u00bbbold\u00bb alignment=\u00bbcenter\u00bb]<div class=\"wpb_text_column\"><div class=\"wpb_wrapper\"><p><strong>Misi\u00f3n:<\/strong> \u00abEn Asiltec, nos comprometemos a dise\u00f1ar y fabricar tableros el\u00e9ctricos y estructuras met\u00e1licas de alta calidad y seguridad, cumpliendo estrictamente con las normas vigentes.\u00bb<\/p>\n<p><strong>Visi\u00f3n:<\/strong> \u00abSer l\u00edderes en el mercado de fabricaci\u00f3n de tableros el\u00e9ctricos, reconocidos por nuestra rapidez, eficiencia y compromiso con la seguridad.\u00bb<\/p>\n<\/div><\/div><\/div><\/div><\/div><\/div><\/div><\/section><section class=\"l-section wpb_row height_custom\"><div class=\"l-section-h i-cf\"><div class=\"g-cols vc_row via_flex valign_top type_default stacking_default\"><div class=\"vc_col-sm-12 wpb_column vc_column_container\"><div class=\"vc_column-inner\"><div class=\"wpb_wrapper\"><div class=\"wpb_text_column\"><div class=\"wpb_wrapper\"><\/div><\/div><\/div><\/div><\/div><\/div><\/div><\/section><!-- Row Backgrounds --><div class=\"upb_bg_img\" data-ultimate-bg=\"url(https:\/\/explorando.cl\/asiltec\/wp-content\/uploads\/2025\/02\/1-1.jpg)\" data-image-id=\"id^8772|url^https:\/\/explorando.cl\/asiltec\/wp-content\/uploads\/2025\/02\/1-1.jpg|caption^null|alt^null|title^1|description^null\" data-ultimate-bg-style=\"vcpb-default\" data-bg-img-repeat=\"repeat\" data-bg-img-size=\"cover\" data-bg-img-position=\"\" data-parallx_sense=\"30\" data-bg-override=\"0\" data-bg_img_attach=\"scroll\" data-upb-overlay-color=\"\" data-upb-bg-animation=\"\" data-fadeout=\"\" data-bg-animation=\"left-animation\" data-bg-animation-type=\"h\" data-animation-repeat=\"repeat\" data-fadeout-percentage=\"30\" data-parallax-content=\"\" data-parallax-content-sense=\"30\" data-row-effect-mobile-disable=\"true\" data-img-parallax-mobile-disable=\"true\" data-rtl=\"false\"  data-custom-vc-row=\"\"  data-vc=\"7.4\"  data-is_old_vc=\"\"  data-theme-support=\"\"   data-overlay=\"false\" data-overlay-color=\"\" data-overlay-pattern=\"\" data-overlay-pattern-opacity=\"\" data-overlay-pattern-size=\"\"    ><\/div><section class=\"l-section wpb_row height_custom\"><div class=\"l-section-h i-cf\"><div class=\"g-cols vc_row via_flex valign_top type_default stacking_default\"><div class=\"vc_col-sm-12 wpb_column vc_column_container\"><div class=\"vc_column-inner\"><div class=\"wpb_wrapper\"><div class=\"wpb_text_column\"><div class=\"wpb_wrapper\"><h3 style=\"text-align: center;\">\u00bfPorqu\u00e9 elegir Asiltec?<\/h3>\n<\/div><\/div><div class=\"w-separator size_medium\"><\/div><div class=\"g-cols wpb_row via_flex valign_top type_default stacking_default\"><div class=\"vc_col-sm-4 wpb_column vc_column_container\"><div class=\"vc_column-inner\"><div class=\"wpb_wrapper\"><div class=\"w-iconbox iconpos_top style_default color_primary align_center\"><div class=\"w-iconbox-icon\" style=\"font-size:2rem;\"><i class=\"fas fa-star\"><\/i><\/div><div class=\"w-iconbox-meta\"><h4 class=\"w-iconbox-title\">Experiencia y Conocimiento<\/h4><div class=\"w-iconbox-text\"><p>M\u00e1s de 25 a\u00f1os de experiencia en la industria el\u00e9ctrica y metal\u00fargica.<\/p>\n<\/div><\/div><\/div><\/div><\/div><\/div><div class=\"vc_col-sm-4 wpb_column vc_column_container\"><div class=\"vc_column-inner\"><div class=\"wpb_wrapper\"><div class=\"w-iconbox iconpos_top style_default color_primary align_center\"><div class=\"w-iconbox-icon\" style=\"font-size:2rem;\"><i class=\"fas fa-star\"><\/i><\/div><div class=\"w-iconbox-meta\"><h4 class=\"w-iconbox-title\">Calidad y Excelencia<\/h4><div class=\"w-iconbox-text\"><p>Productos y servicios de alta calidad, dise\u00f1ados y fabricados con materiales de primera categor\u00eda.<\/p>\n<\/div><\/div><\/div><\/div><\/div><\/div><div class=\"vc_col-sm-4 wpb_column vc_column_container\"><div class=\"vc_column-inner\"><div class=\"wpb_wrapper\"><div class=\"w-iconbox iconpos_top style_default color_primary align_center\"><div class=\"w-iconbox-icon\" style=\"font-size:2rem;\"><i class=\"fas fa-star\"><\/i><\/div><div class=\"w-iconbox-meta\"><h4 class=\"w-iconbox-title\">Innovaci\u00f3n y Eficiencia<\/h4><div class=\"w-iconbox-text\"><p>Tecnolog\u00eda avanzada para mejorar procesos y tiempos de entrega.<\/p>\n<\/div><\/div><\/div><\/div><\/div><\/div><\/div><div class=\"g-cols wpb_row via_flex valign_top type_default stacking_default\"><div class=\"vc_col-sm-4 wpb_column vc_column_container\"><div class=\"vc_column-inner\"><div class=\"wpb_wrapper\"><div class=\"w-iconbox iconpos_top style_default color_primary align_center\"><div class=\"w-iconbox-icon\" style=\"font-size:2rem;\"><i class=\"fas fa-star\"><\/i><\/div><div class=\"w-iconbox-meta\"><h4 class=\"w-iconbox-title\">Confianza y Seriedad<\/h4><div class=\"w-iconbox-text\"><p>Reconocida por empresas l\u00edderes en el mercado.<\/p>\n<\/div><\/div><\/div><\/div><\/div><\/div><div class=\"vc_col-sm-4 wpb_column vc_column_container\"><div class=\"vc_column-inner\"><div class=\"wpb_wrapper\"><div class=\"w-iconbox iconpos_top style_default color_primary align_center\"><div class=\"w-iconbox-icon\" style=\"font-size:2rem;\"><i class=\"fas fa-star\"><\/i><\/div><div class=\"w-iconbox-meta\"><h4 class=\"w-iconbox-title\">Flexibilidad y Personalizaci\u00f3n<\/h4><div class=\"w-iconbox-text\"><p>Soluciones customizadas para satisfacer necesidades espec\u00edficas.<\/p>\n<\/div><\/div><\/div><\/div><\/div><\/div><div class=\"vc_col-sm-4 wpb_column vc_column_container\"><div class=\"vc_column-inner\"><div class=\"wpb_wrapper\"><div class=\"w-iconbox iconpos_top style_default color_primary align_center\"><div class=\"w-iconbox-icon\" style=\"font-size:2rem;\"><i class=\"fas fa-star\"><\/i><\/div><div class=\"w-iconbox-meta\"><h4 class=\"w-iconbox-title\">Soporte y Asesoramiento<\/h4><div class=\"w-iconbox-text\"><p>Equipo de expertos disponibles para asesorar y guiar.<\/p>\n<\/div><\/div><\/div><\/div><\/div><\/div><\/div><\/div><\/div><\/div><\/div><\/div><\/section><section class=\"l-section wpb_row height_custom\"><div class=\"l-section-h i-cf\"><div class=\"g-cols vc_row via_flex valign_top type_default stacking_default\"><div class=\"vc_col-sm-12 wpb_column vc_column_container\"><div class=\"vc_column-inner\"><div class=\"wpb_wrapper\"><div class=\"wpb_text_column\"><div class=\"wpb_wrapper\"><\/div><\/div><\/div><\/div><\/div><\/div><\/div><\/section><!-- Row Backgrounds --><div class=\"upb_bg_img\" data-ultimate-bg=\"url(https:\/\/explorando.cl\/asiltec\/wp-content\/uploads\/2025\/02\/2.jpg)\" data-image-id=\"id^8761|url^https:\/\/explorando.cl\/asiltec\/wp-content\/uploads\/2025\/02\/2.jpg|caption^null|alt^null|title^2|description^null\" data-ultimate-bg-style=\"vcpb-default\" data-bg-img-repeat=\"repeat\" data-bg-img-size=\"cover\" data-bg-img-position=\"\" data-parallx_sense=\"30\" data-bg-override=\"0\" data-bg_img_attach=\"scroll\" data-upb-overlay-color=\"\" data-upb-bg-animation=\"\" data-fadeout=\"\" data-bg-animation=\"left-animation\" data-bg-animation-type=\"h\" data-animation-repeat=\"repeat\" data-fadeout-percentage=\"30\" data-parallax-content=\"\" data-parallax-content-sense=\"30\" data-row-effect-mobile-disable=\"true\" data-img-parallax-mobile-disable=\"true\" data-rtl=\"false\"  data-custom-vc-row=\"\"  data-vc=\"7.4\"  data-is_old_vc=\"\"  data-theme-support=\"\"   data-overlay=\"false\" data-overlay-color=\"\" data-overlay-pattern=\"\" data-overlay-pattern-opacity=\"\" data-overlay-pattern-size=\"\"    ><\/div><section class=\"l-section wpb_row height_custom\"><div class=\"l-section-h i-cf\"><div class=\"g-cols vc_row via_flex valign_top type_default stacking_default\"><div class=\"vc_col-sm-12 wpb_column vc_column_container\"><div class=\"vc_column-inner\"><div class=\"wpb_wrapper\"><div class=\"wpb_text_column\"><div class=\"wpb_wrapper\"><h3 style=\"text-align: center;\">Beneficios de Trabajar con Nosotros<\/h3>\n<\/div><\/div><div class=\"w-separator size_medium\"><\/div><div class=\"wpb_text_column\"><div class=\"wpb_wrapper\"><p>\u2705 Tiempos de entrega r\u00e1pidos<br \/>\n\u2705 Precios competitivos<br \/>\n\u2705 Pol\u00edtica de calidad estricta<\/p>\n<\/div><\/div><\/div><\/div><\/div><\/div><\/div><\/section>\n","protected":false},"excerpt":{"rendered":"[vc_custom_heading text=\"\u00bfQu\u00e9 hacemos en Asiltec?\" font_container=\"tag:h2|text_align:center\" use_theme_fonts=\"yes\" font_size=\"2rem\" font_weight=\"bold\" alignment=\"center\" css=\"%7B%22default%22%3A%7B%22animation-name%22%3A%22afb%22%7D%7D\"]Asiltec: Fabricaci\u00f3n de tableros el\u00e9ctricos y estructuras met\u00e1licas. Asiltec dise\u00f1a, fabrica y ofrece soluciones integrales en: Tableros el\u00e9ctricos Estructuras met\u00e1licas Pintura electrost\u00e1tica Servicios de cableado y conexi\u00f3n de tableros el\u00e9ctricos Nuestra experiencia y especializaci\u00f3n en la industria el\u00e9ctrica y metal\u00fargica nos permite satisfacer las necesidades...","protected":false},"author":1,"featured_media":0,"parent":0,"menu_order":0,"comment_status":"closed","ping_status":"closed","template":"","meta":{"footnotes":""},"class_list":["post-6635","page","type-page","status-publish","hentry"],"_links":{"self":[{"href":"https:\/\/explorando.cl\/asiltec\/wp-json\/wp\/v2\/pages\/6635","targetHints":{"allow":["GET"]}}],"collection":[{"href":"https:\/\/explorando.cl\/asiltec\/wp-json\/wp\/v2\/pages"}],"about":[{"href":"https:\/\/explorando.cl\/asiltec\/wp-json\/wp\/v2\/types\/page"}],"author":[{"embeddable":true,"href":"https:\/\/explorando.cl\/asiltec\/wp-json\/wp\/v2\/users\/1"}],"replies":[{"embeddable":true,"href":"https:\/\/explorando.cl\/asiltec\/wp-json\/wp\/v2\/comments?post=6635"}],"version-history":[{"count":39,"href":"https:\/\/explorando.cl\/asiltec\/wp-json\/wp\/v2\/pages\/6635\/revisions"}],"predecessor-version":[{"id":8818,"href":"https:\/\/explorando.cl\/asiltec\/wp-json\/wp\/v2\/pages\/6635\/revisions\/8818"}],"wp:attachment":[{"href":"https:\/\/explorando.cl\/asiltec\/wp-json\/wp\/v2\/media?parent=6635"}],"curies":[{"name":"wp","href":"https:\/\/api.w.org\/{rel}","templated":true}]}}