{"id":8715,"date":"2025-02-07T13:58:30","date_gmt":"2025-02-07T13:58:30","guid":{"rendered":"https:\/\/explorando.cl\/asiltec\/?page_id=8715"},"modified":"2025-03-13T18:22:35","modified_gmt":"2025-03-13T18:22:35","slug":"servicios","status":"publish","type":"page","link":"https:\/\/explorando.cl\/asiltec\/servicios\/","title":{"rendered":"Servicios"},"content":{"rendered":"<section class=\"l-section wpb_row height_custom\"><div class=\"l-section-h i-cf\"><div class=\"g-cols vc_row via_flex valign_top type_default stacking_default\"><div class=\"vc_col-sm-12 wpb_column vc_column_container\"><div class=\"vc_column-inner\"><div class=\"wpb_wrapper\"><div class=\"w-tabs us_custom_fca8cc99 cajaColor style_default switch_click accordion\" style=\"--sections-title-size:1.4rem\"><div class=\"w-tabs-sections titles-align_none icon_chevron cpos_right\"><div class=\"w-tabs-section active\" id=\"y8c9\"><button class=\"w-tabs-section-header active\" aria-controls=\"content-y8c9\" aria-expanded=\"true\"><div class=\"w-tabs-section-title\">Fabricaci\u00f3n de Tableros El\u00e9ctricos<\/div><div class=\"w-tabs-section-control\"><\/div><\/button><div  class=\"w-tabs-section-content\" id=\"content-y8c9\"><div class=\"w-tabs-section-content-h i-cf\"><div class=\"wpb_text_column\"><div class=\"wpb_wrapper\"><p>Nos especializamos en la fabricaci\u00f3n de tableros el\u00e9ctricos a medida, utilizando las m\u00e1s avanzadas tecnolog\u00edas y garantizando el cumplimiento de los m\u00e1s altos est\u00e1ndares de calidad. Todos nuestros productos est\u00e1n dise\u00f1ados y fabricados conforme a las exigencias de los Pliegos T\u00e9cnicos RIC.<\/p>\n<p>Ofrecemos soluciones personalizadas para:<br \/>\n&#8211; Tableros generales<br \/>\n&#8211; Tableros generales auxiliares<br \/>\n&#8211; Tableros de distribuci\u00f3n<br \/>\n&#8211; Tableros de control<br \/>\n&#8211; Tableros el\u00e9ctricos m\u00f3viles<br \/>\n&#8211; TCL<br \/>\n&#8211; Tableros de computaci\u00f3n<br \/>\n&#8211; Tableros de clima<\/p>\n<p>Atendemos sectores residenciales, comerciales e industriales, asegurando seguridad, eficiencia energ\u00e9tica y fiabilidad operativa.<\/p>\n<\/div><\/div><\/div><\/div><\/div><div class=\"w-tabs-section\" id=\"tb69\"><button class=\"w-tabs-section-header\" aria-controls=\"content-tb69\" aria-expanded=\"false\"><div class=\"w-tabs-section-title\">Fabricaci\u00f3n de Estructuras Met\u00e1licas<\/div><div class=\"w-tabs-section-control\"><\/div><\/button><div  class=\"w-tabs-section-content\" id=\"content-tb69\"><div class=\"w-tabs-section-content-h i-cf\"><div class=\"wpb_text_column\"><div class=\"wpb_wrapper\"><p>Dise\u00f1amos y fabricamos estructuras met\u00e1licas a medida, equilibrando funcionalidad y est\u00e9tica. Nos enfocamos en proporcionar soluciones eficientes y visualmente atractivas para instalaciones industriales, comerciales y de infraestructura.<\/p>\n<\/div><\/div><\/div><\/div><\/div><div class=\"w-tabs-section\" id=\"ddbe\"><button class=\"w-tabs-section-header\" aria-controls=\"content-ddbe\" aria-expanded=\"false\"><div class=\"w-tabs-section-title\">Fabricaci\u00f3n de Bancos de Condensadores<\/div><div class=\"w-tabs-section-control\"><\/div><\/button><div  class=\"w-tabs-section-content\" id=\"content-ddbe\"><div class=\"w-tabs-section-content-h i-cf\"><div class=\"wpb_text_column\"><div class=\"wpb_wrapper\"><p>Desarrollamos bancos de condensadores para mejorar la eficiencia energ\u00e9tica y corregir el factor de potencia, optimizando el funcionamiento de equipos el\u00e9ctricos.<\/p>\n<\/div><\/div><\/div><\/div><\/div><div class=\"w-tabs-section\" id=\"x025\"><button class=\"w-tabs-section-header\" aria-controls=\"content-x025\" aria-expanded=\"false\"><div class=\"w-tabs-section-title\">Juegos y Dise\u00f1os de Barras<\/div><div class=\"w-tabs-section-control\"><\/div><\/button><div  class=\"w-tabs-section-content\" id=\"content-x025\"><div class=\"w-tabs-section-content-h i-cf\"><div class=\"wpb_text_column\"><div class=\"wpb_wrapper\"><p>Fabricamos juegos de barras para tableros y distribuci\u00f3n el\u00e9ctrica, garantizando una transmisi\u00f3n de energ\u00eda segura y eficiente con materiales de alta calidad.<\/p>\n<\/div><\/div><\/div><\/div><\/div><div class=\"w-tabs-section\" id=\"g27d\"><button class=\"w-tabs-section-header\" aria-controls=\"content-g27d\" aria-expanded=\"false\"><div class=\"w-tabs-section-title\">Pintura Electrost\u00e1tica<\/div><div class=\"w-tabs-section-control\"><\/div><\/button><div  class=\"w-tabs-section-content\" id=\"content-g27d\"><div class=\"w-tabs-section-content-h i-cf\"><div class=\"wpb_text_column\"><div class=\"wpb_wrapper\"><p>Ofrecemos pintura electrost\u00e1tica RAL 7032, resistente a condiciones ambientales adversas. Aplicamos un espesor de 90 a 100 micrones para una protecci\u00f3n \u00f3ptima contra la corrosi\u00f3n.<\/p>\n<\/div><\/div><\/div><\/div><\/div><div class=\"w-tabs-section\" id=\"q4d6\"><button class=\"w-tabs-section-header\" aria-controls=\"content-q4d6\" aria-expanded=\"false\"><div class=\"w-tabs-section-title\">Corte y Plegado de Planchas<\/div><div class=\"w-tabs-section-control\"><\/div><\/button><div  class=\"w-tabs-section-content\" id=\"content-q4d6\"><div class=\"w-tabs-section-content-h i-cf\"><div class=\"wpb_text_column\"><div class=\"wpb_wrapper\"><p>Contamos con equipos avanzados para corte y plegado de planchas, fabricando componentes de alta precisi\u00f3n para tableros el\u00e9ctricos y estructuras met\u00e1licas.<\/p>\n<\/div><\/div><\/div><\/div><\/div><\/div><\/div><\/div><\/div><\/div><\/div><\/div><\/section>\n","protected":false},"excerpt":{"rendered":"Fabricaci\u00f3n de Tableros El\u00e9ctricosNos especializamos en la fabricaci\u00f3n de tableros el\u00e9ctricos a medida, utilizando las m\u00e1s avanzadas tecnolog\u00edas y garantizando el cumplimiento de los m\u00e1s altos est\u00e1ndares de calidad. Todos nuestros productos est\u00e1n dise\u00f1ados y fabricados conforme a las exigencias de los Pliegos T\u00e9cnicos RIC. Ofrecemos soluciones personalizadas para: &#8211; Tableros generales &#8211; Tableros generales...","protected":false},"author":1,"featured_media":0,"parent":0,"menu_order":0,"comment_status":"closed","ping_status":"closed","template":"","meta":{"footnotes":""},"class_list":["post-8715","page","type-page","status-publish","hentry"],"_links":{"self":[{"href":"https:\/\/explorando.cl\/asiltec\/wp-json\/wp\/v2\/pages\/8715","targetHints":{"allow":["GET"]}}],"collection":[{"href":"https:\/\/explorando.cl\/asiltec\/wp-json\/wp\/v2\/pages"}],"about":[{"href":"https:\/\/explorando.cl\/asiltec\/wp-json\/wp\/v2\/types\/page"}],"author":[{"embeddable":true,"href":"https:\/\/explorando.cl\/asiltec\/wp-json\/wp\/v2\/users\/1"}],"replies":[{"embeddable":true,"href":"https:\/\/explorando.cl\/asiltec\/wp-json\/wp\/v2\/comments?post=8715"}],"version-history":[{"count":9,"href":"https:\/\/explorando.cl\/asiltec\/wp-json\/wp\/v2\/pages\/8715\/revisions"}],"predecessor-version":[{"id":8821,"href":"https:\/\/explorando.cl\/asiltec\/wp-json\/wp\/v2\/pages\/8715\/revisions\/8821"}],"wp:attachment":[{"href":"https:\/\/explorando.cl\/asiltec\/wp-json\/wp\/v2\/media?parent=8715"}],"curies":[{"name":"wp","href":"https:\/\/api.w.org\/{rel}","templated":true}]}}