{"id":8717,"date":"2025-02-07T13:58:57","date_gmt":"2025-02-07T13:58:57","guid":{"rendered":"https:\/\/explorando.cl\/asiltec\/?page_id=8717"},"modified":"2025-03-13T18:21:29","modified_gmt":"2025-03-13T18:21:29","slug":"quienes-somos","status":"publish","type":"page","link":"https:\/\/explorando.cl\/asiltec\/quienes-somos\/","title":{"rendered":"Qui\u00e9nes Somos"},"content":{"rendered":"<section class=\"l-section wpb_row height_custom\"><div class=\"l-section-h i-cf\"><div class=\"g-cols vc_row via_flex valign_top type_default stacking_default\"><div class=\"vc_col-sm-12 wpb_column vc_column_container\"><div class=\"vc_column-inner\"><div class=\"wpb_wrapper\"><div class=\"wpb_text_column\"><div class=\"wpb_wrapper\"><p style=\"text-align: justify;\">En Asiltec, nos comprometemos a dise\u00f1ar y fabricar tableros el\u00e9ctricos y estructuras met\u00e1licas de alta calidad y seguridad, cumpliendo estrictamente con las normas vigentes. Con m\u00e1s de 25 a\u00f1os de experiencia en la industria, hemos establecido un est\u00e1ndar de excelencia en la fabricaci\u00f3n de soluciones personalizadas para satisfacer las necesidades espec\u00edficas de nuestros clientes.<\/p>\n<p style=\"text-align: justify;\">Nuestra misi\u00f3n es ser l\u00edderes en el mercado de fabricaci\u00f3n de tableros el\u00e9ctricos, reconocidos por nuestra rapidez, eficiencia y compromiso con la seguridad. Nuestros productos y servicios est\u00e1n dise\u00f1ados y fabricados con materiales de primera categor\u00eda, y contamos con tecnolog\u00eda avanzada para mejorar nuestros procesos y tiempos de entrega.<\/p>\n<p style=\"text-align: justify;\">Nuestro equipo de expertos est\u00e1 disponible para asesorar y guiar a nuestros clientes en todo momento. Con una presencia en todo el pa\u00eds, desde el norte hasta el sur de Chile, estamos comprometidos con brindar soluciones de alta calidad y seguridad a nuestros clientes.<\/p>\n<p style=\"text-align: justify;\">Es por eso que en Asiltec, nos enfocamos en crear valor para nuestros clientes, y nos esforzamos por ser un socio confiable y duradero en la industria.<\/p>\n<\/div><\/div><\/div><\/div><\/div><\/div><\/div><\/section>\n","protected":false},"excerpt":{"rendered":"En Asiltec, nos comprometemos a dise\u00f1ar y fabricar tableros el\u00e9ctricos y estructuras met\u00e1licas de alta calidad y seguridad, cumpliendo estrictamente con las normas vigentes. Con m\u00e1s de 25 a\u00f1os de experiencia en la industria, hemos establecido un est\u00e1ndar de excelencia en la fabricaci\u00f3n de soluciones personalizadas para satisfacer las necesidades espec\u00edficas de nuestros clientes. Nuestra...","protected":false},"author":1,"featured_media":0,"parent":0,"menu_order":0,"comment_status":"closed","ping_status":"closed","template":"","meta":{"footnotes":""},"class_list":["post-8717","page","type-page","status-publish","hentry"],"_links":{"self":[{"href":"https:\/\/explorando.cl\/asiltec\/wp-json\/wp\/v2\/pages\/8717","targetHints":{"allow":["GET"]}}],"collection":[{"href":"https:\/\/explorando.cl\/asiltec\/wp-json\/wp\/v2\/pages"}],"about":[{"href":"https:\/\/explorando.cl\/asiltec\/wp-json\/wp\/v2\/types\/page"}],"author":[{"embeddable":true,"href":"https:\/\/explorando.cl\/asiltec\/wp-json\/wp\/v2\/users\/1"}],"replies":[{"embeddable":true,"href":"https:\/\/explorando.cl\/asiltec\/wp-json\/wp\/v2\/comments?post=8717"}],"version-history":[{"count":4,"href":"https:\/\/explorando.cl\/asiltec\/wp-json\/wp\/v2\/pages\/8717\/revisions"}],"predecessor-version":[{"id":8819,"href":"https:\/\/explorando.cl\/asiltec\/wp-json\/wp\/v2\/pages\/8717\/revisions\/8819"}],"wp:attachment":[{"href":"https:\/\/explorando.cl\/asiltec\/wp-json\/wp\/v2\/media?parent=8717"}],"curies":[{"name":"wp","href":"https:\/\/api.w.org\/{rel}","templated":true}]}}